{"id":66,"date":"2025-07-21T09:34:33","date_gmt":"2025-07-21T09:34:33","guid":{"rendered":"https:\/\/www-preprod.bjlenvironnement.fr\/?page_id=66"},"modified":"2025-10-27T16:21:17","modified_gmt":"2025-10-27T16:21:17","slug":"contact","status":"publish","type":"page","link":"https:\/\/www.bjlenvironnement.fr\/index.php\/contact\/","title":{"rendered":"Contact"},"content":{"rendered":"<p>[et_pb_section fb_built=\u00a0\u00bb1&Prime; _builder_version=\u00a0\u00bb4.27.4&Prime; _module_preset=\u00a0\u00bbdefault\u00a0\u00bb background_color=\u00a0\u00bb#2a3754&Prime; global_colors_info=\u00a0\u00bb{}\u00a0\u00bb][et_pb_row column_structure=\u00a0\u00bb1_2,1_2&Prime; _builder_version=\u00a0\u00bb4.27.4&Prime; _module_preset=\u00a0\u00bbdefault\u00a0\u00bb width=\u00a0\u00bb85%\u00a0\u00bb max_width=\u00a0\u00bb1356px\u00a0\u00bb global_colors_info=\u00a0\u00bb{}\u00a0\u00bb][et_pb_column type=\u00a0\u00bb1_2&Prime; _builder_version=\u00a0\u00bb4.27.4&Prime; _module_preset=\u00a0\u00bbdefault\u00a0\u00bb global_colors_info=\u00a0\u00bb{}\u00a0\u00bb][et_pb_text _builder_version=\u00a0\u00bb4.27.4&Prime; _module_preset=\u00a0\u00bbdefault\u00a0\u00bb header_text_align=\u00a0\u00bbleft\u00a0\u00bb header_text_color=\u00a0\u00bb#ffffff\u00a0\u00bb header_font_size=\u00a0\u00bb40px\u00a0\u00bb width=\u00a0\u00bb100%\u00a0\u00bb module_alignment=\u00a0\u00bbcenter\u00a0\u00bb custom_margin=\u00a0\u00bb70px||||false|false\u00a0\u00bb custom_margin_tablet=\u00a0\u00bb70px||||false|false\u00a0\u00bb custom_margin_phone=\u00a0\u00bb70px||||false|false\u00a0\u00bb custom_margin_last_edited=\u00a0\u00bbon|desktop\u00a0\u00bb global_colors_info=\u00a0\u00bb{}\u00a0\u00bb]<\/p>\n<h1>BJL Environnement<\/h1>\n<p>[\/et_pb_text][et_pb_text _builder_version=\u00a0\u00bb4.27.4&Prime; _module_preset=\u00a0\u00bbdefault\u00a0\u00bb text_text_color=\u00a0\u00bb#FFFFFF\u00a0\u00bb custom_margin=\u00a0\u00bb||19px|||\u00a0\u00bb global_colors_info=\u00a0\u00bb{}\u00a0\u00bb]<\/p>\n<div data-lov-id=\"src\/pages\/PrestationsAccreditees.tsx:130:10\" data-lov-name=\"div\" data-component-path=\"src\/pages\/PrestationsAccreditees.tsx\" data-component-line=\"130\" data-component-file=\"PrestationsAccreditees.tsx\" data-component-name=\"div\" data-component-content=\"%7B%22className%22%3A%22text-center%20mb-16%22%7D\" class=\"text-center mb-16\">\n<div data-lov-id=\"src\/pages\/Contact.tsx:115:10\" data-lov-name=\"div\" data-component-path=\"src\/pages\/Contact.tsx\" data-component-line=\"115\" data-component-file=\"Contact.tsx\" data-component-name=\"div\" data-component-content=\"%7B%22className%22%3A%22text-center%20mb-12%22%7D\" class=\"text-center mb-12\">\n<p data-lov-id=\"src\/pages\/Contact.tsx:119:12\" data-lov-name=\"p\" data-component-path=\"src\/pages\/Contact.tsx\" data-component-line=\"119\" data-component-file=\"Contact.tsx\" data-component-name=\"p\" data-component-content=\"%7B%22text%22%3A%22Obtenez%20rapidement%20un%20devis%20personnalis%C3%A9%20pour%20vos%20analyses%20environnementales.%20%5Cn%20%20%20%20%20%20%20%20%20%20%20%20%20%20Notre%20%C3%A9quipe%20vous%20accompagne%20dans%20tous%20vos%20projets.%22%2C%22className%22%3A%22text-xl%20max-w-3xl%20mx-auto%20text-white%2F90%22%7D\" class=\"text-xl max-w-3xl mx-auto text-white\/90\">Obtenez rapidement un devis personnalis\u00e9.<br \/>Notre \u00e9quipe vous accompagne dans tous vos projets.<\/p>\n<\/div>\n<\/div>\n<p>[\/et_pb_text][\/et_pb_column][et_pb_column type=\u00a0\u00bb1_2&Prime; _builder_version=\u00a0\u00bb4.27.4&Prime; _module_preset=\u00a0\u00bbdefault\u00a0\u00bb global_colors_info=\u00a0\u00bb{}\u00a0\u00bb][et_pb_image src=\u00a0\u00bbhttps:\/\/www.bjlenvironnement.fr\/wp-content\/uploads\/2025\/10\/20210707_115143-scaled.jpg\u00a0\u00bb title_text=\u00a0\u00bb20210707_115143&Prime; _builder_version=\u00a0\u00bb4.27.4&Prime; _module_preset=\u00a0\u00bbdefault\u00a0\u00bb width=\u00a0\u00bb79%\u00a0\u00bb custom_margin=\u00a0\u00bb||-5px|||\u00a0\u00bb hover_enabled=\u00a0\u00bb0&Prime; global_colors_info=\u00a0\u00bb{}\u00a0\u00bb sticky_enabled=\u00a0\u00bb0&Prime;][\/et_pb_image][\/et_pb_column][\/et_pb_row][\/et_pb_section][et_pb_section fb_built=\u00a0\u00bb1&Prime; _builder_version=\u00a0\u00bb4.27.4&Prime; _module_preset=\u00a0\u00bbdefault\u00a0\u00bb custom_padding=\u00a0\u00bb90px||100px||false|false\u00a0\u00bb global_colors_info=\u00a0\u00bb{}\u00a0\u00bb][et_pb_row _builder_version=\u00a0\u00bb4.27.4&Prime; _module_preset=\u00a0\u00bbdefault\u00a0\u00bb background_color=\u00a0\u00bb#d43762&Prime; custom_padding=\u00a0\u00bb30px|30px|30px|30px|true|true\u00a0\u00bb border_radii=\u00a0\u00bboff|10px|10px||\u00a0\u00bb box_shadow_style=\u00a0\u00bbpreset1&Prime; global_colors_info=\u00a0\u00bb{}\u00a0\u00bb][et_pb_column type=\u00a0\u00bb4_4&Prime; _builder_version=\u00a0\u00bb4.27.4&Prime; _module_preset=\u00a0\u00bbdefault\u00a0\u00bb global_colors_info=\u00a0\u00bb{}\u00a0\u00bb][et_pb_text _builder_version=\u00a0\u00bb4.27.4&Prime; _module_preset=\u00a0\u00bbdefault\u00a0\u00bb header_2_text_color=\u00a0\u00bb#FFFFFF\u00a0\u00bb header_2_font_size=\u00a0\u00bb32px\u00a0\u00bb global_colors_info=\u00a0\u00bb{}\u00a0\u00bb]<\/p>\n<h2>Notre laboratoire d&rsquo;analyse \u00e0 Nantes<\/h2>\n<p>[\/et_pb_text][\/et_pb_column][\/et_pb_row][et_pb_row column_structure=\u00a0\u00bb1_2,1_2&Prime; _builder_version=\u00a0\u00bb4.27.4&Prime; _module_preset=\u00a0\u00bbdefault\u00a0\u00bb custom_padding=\u00a0\u00bb|30px|30px|30px|false|true\u00a0\u00bb border_radii=\u00a0\u00bboff|||10px|10px\u00a0\u00bb box_shadow_style=\u00a0\u00bbpreset1&Prime; global_colors_info=\u00a0\u00bb{}\u00a0\u00bb][et_pb_column type=\u00a0\u00bb1_2&Prime; _builder_version=\u00a0\u00bb4.27.4&Prime; _module_preset=\u00a0\u00bbdefault\u00a0\u00bb global_colors_info=\u00a0\u00bb{}\u00a0\u00bb][et_pb_code _builder_version=\u00a0\u00bb4.27.4&Prime; _module_preset=\u00a0\u00bbdefault\u00a0\u00bb global_colors_info=\u00a0\u00bb{}\u00a0\u00bb]<iframe src=\"https:\/\/www.google.com\/maps\/embed?pb=!1m18!1m12!1m3!1d2708.293716238815!2d-1.5754857000000002!3d47.2499596!2m3!1f0!2f0!3f0!3m2!1i1024!2i768!4f13.1!3m3!1m2!1s0x4805edcf2356b42d%3A0x97143aa411e3cb70!2sBJL%20Environnement!5e0!3m2!1sfr!2sfr!4v1753111906707!5m2!1sfr!2sfr\" width=\"600\" height=\"450\" style=\"border:0;\" allowfullscreen=\"\" loading=\"lazy\" referrerpolicy=\"no-referrer-when-downgrade\"><\/iframe>[\/et_pb_code][\/et_pb_column][et_pb_column type=\u00a0\u00bb1_2&Prime; _builder_version=\u00a0\u00bb4.27.4&Prime; _module_preset=\u00a0\u00bbdefault\u00a0\u00bb global_colors_info=\u00a0\u00bb{}\u00a0\u00bb][et_pb_text _builder_version=\u00a0\u00bb4.27.4&Prime; _module_preset=\u00a0\u00bbdefault\u00a0\u00bb text_text_color=\u00a0\u00bb#2a3754&Prime; custom_padding=\u00a0\u00bb50px||||false|false\u00a0\u00bb custom_padding_tablet=\u00a0\u00bb50px||||false|false\u00a0\u00bb custom_padding_phone=\u00a0\u00bb50px||||false|false\u00a0\u00bb custom_padding_last_edited=\u00a0\u00bbon|desktop\u00a0\u00bb global_colors_info=\u00a0\u00bb{}\u00a0\u00bb]<\/p>\n<h3>O\u00f9 nous trouver ?<\/h3>\n<p>[\/et_pb_text][et_pb_text _builder_version=\u00a0\u00bb4.27.4&Prime; _module_preset=\u00a0\u00bbdefault\u00a0\u00bb text_text_color=\u00a0\u00bb#000000&Prime; text_line_height=\u00a0\u00bb1em\u00a0\u00bb global_colors_info=\u00a0\u00bb{}\u00a0\u00bb]<\/p>\n<p><strong>N\u00b0 de T\u00e9l\u00e9phone<\/strong><\/p>\n<p>02.85.67.00.69<\/p>\n<p>[\/et_pb_text][et_pb_text _builder_version=\u00a0\u00bb4.27.4&Prime; _module_preset=\u00a0\u00bbdefault\u00a0\u00bb text_text_color=\u00a0\u00bb#000000&Prime; text_line_height=\u00a0\u00bb1em\u00a0\u00bb global_colors_info=\u00a0\u00bb{}\u00a0\u00bb]<\/p>\n<p><strong>Nos horaires d&rsquo;ouverture<\/strong><\/p>\n<p>Lun &#8211; Jeu : 9h00 &#8211; 18h00<\/p>\n<p>Ven : 9h00 &#8211; 16h00<\/p>\n<p>[\/et_pb_text][et_pb_text _builder_version=\u00a0\u00bb4.27.4&Prime; _module_preset=\u00a0\u00bbdefault\u00a0\u00bb text_text_color=\u00a0\u00bb#000000&Prime; text_line_height=\u00a0\u00bb1em\u00a0\u00bb global_colors_info=\u00a0\u00bb{}\u00a0\u00bb]<\/p>\n<p>15 Rue du Chanoine Poupard<\/p>\n<p>44300 Nantes<\/p>\n<p>[\/et_pb_text][\/et_pb_column][\/et_pb_row][\/et_pb_section]<\/p>\n","protected":false},"excerpt":{"rendered":"<p>BJL Environnement Obtenez rapidement un devis personnalis\u00e9.Notre \u00e9quipe vous accompagne dans tous vos projets. Notre laboratoire d&rsquo;analyse \u00e0 NantesO\u00f9 nous trouver ?N\u00b0 de T\u00e9l\u00e9phone 02.85.67.00.69Nos horaires d&rsquo;ouverture Lun &#8211; Jeu : 9h00 &#8211; 18h00 Ven : 9h00 &#8211; 16h0015 Rue du Chanoine Poupard 44300 Nantes<\/p>\n","protected":false},"author":1,"featured_media":0,"parent":0,"menu_order":0,"comment_status":"closed","ping_status":"closed","template":"","meta":{"_et_pb_use_builder":"on","_et_pb_old_content":"","_et_gb_content_width":"","footnotes":""},"class_list":["post-66","page","type-page","status-publish","hentry"],"_links":{"self":[{"href":"https:\/\/www.bjlenvironnement.fr\/index.php\/wp-json\/wp\/v2\/pages\/66","targetHints":{"allow":["GET"]}}],"collection":[{"href":"https:\/\/www.bjlenvironnement.fr\/index.php\/wp-json\/wp\/v2\/pages"}],"about":[{"href":"https:\/\/www.bjlenvironnement.fr\/index.php\/wp-json\/wp\/v2\/types\/page"}],"author":[{"embeddable":true,"href":"https:\/\/www.bjlenvironnement.fr\/index.php\/wp-json\/wp\/v2\/users\/1"}],"replies":[{"embeddable":true,"href":"https:\/\/www.bjlenvironnement.fr\/index.php\/wp-json\/wp\/v2\/comments?post=66"}],"version-history":[{"count":11,"href":"https:\/\/www.bjlenvironnement.fr\/index.php\/wp-json\/wp\/v2\/pages\/66\/revisions"}],"predecessor-version":[{"id":352,"href":"https:\/\/www.bjlenvironnement.fr\/index.php\/wp-json\/wp\/v2\/pages\/66\/revisions\/352"}],"wp:attachment":[{"href":"https:\/\/www.bjlenvironnement.fr\/index.php\/wp-json\/wp\/v2\/media?parent=66"}],"curies":[{"name":"wp","href":"https:\/\/api.w.org\/{rel}","templated":true}]}}